{"id":3331,"date":"2023-02-27T15:13:17","date_gmt":"2023-02-27T15:13:17","guid":{"rendered":"https:\/\/lluistejeroarquitectos.com\/corporativa\/"},"modified":"2023-10-05T13:44:13","modified_gmt":"2023-10-05T13:44:13","slug":"corporativa","status":"publish","type":"page","link":"https:\/\/lluistejeroarquitectos.com\/en\/corporativa\/","title":{"rendered":"Corporate"},"content":{"rendered":"<style>.elementor-3331 .elementor-element.elementor-element-94d5ddb{padding:30px 0px 0px 0px;transition:all 400ms;}.elementor-3331 .elementor-element.elementor-element-a63a068{transition:all 400ms;}.elementor-3331 .elementor-element.elementor-element-4d2d185{transition:all 400ms;text-align:center;}.elementor-3331 .elementor-element.elementor-element-989af44{padding:20px 0px 30px 0px;transition:all 400ms;}.elementor-3331 .elementor-element.elementor-element-9f772bd{transition:all 400ms;}.elementor-3331 .elementor-element.elementor-element-ec536dd > .elementor-widget-container > .jet-listing-grid > .jet-listing-grid__items, .elementor-3331 .elementor-element.elementor-element-ec536dd > .jet-listing-grid > .jet-listing-grid__items{--columns:3;}.elementor-3331 .elementor-element.elementor-element-ec536dd{transition:all 400ms;}\/* Start custom CSS for jet-listing-grid, class: .elementor-element-ec536dd *\/#box-itm #text{\n    transform: translateY(100%);\n    transition: all 0.8s;\n}\n#box-itm:hover #text{\n    transform: translateY(0%);\n}\/* End custom CSS *\/<\/style>\t\t<div data-elementor-type=\"wp-page\" data-elementor-id=\"3331\" class=\"elementor elementor-3331 elementor-284\" data-elementor-post-type=\"page\">\n\t\t\t\t\t\t<section class=\"elementor-section elementor-top-section elementor-element elementor-element-94d5ddb elementor-section-boxed elementor-section-height-default elementor-section-height-default\" data-id=\"94d5ddb\" data-element_type=\"section\">\n\t\t\t\t\t\t<div class=\"elementor-container elementor-column-gap-default\">\n\t\t\t\t\t<div class=\"elementor-column elementor-col-100 elementor-top-column elementor-element elementor-element-a63a068\" data-id=\"a63a068\" data-element_type=\"column\">\n\t\t\t<div class=\"elementor-widget-wrap elementor-element-populated\">\n\t\t\t\t\t\t<div class=\"elementor-element elementor-element-4d2d185 de_scroll_animation_no elementor-widget elementor-widget-heading\" data-id=\"4d2d185\" data-element_type=\"widget\" data-widget_type=\"heading.default\">\n\t\t\t\t<div class=\"elementor-widget-container\">\n\t\t\t\t\t<h2 class=\"elementor-heading-title elementor-size-large\">Corporate Architecture Projects<\/h2>\t\t\t\t<\/div>\n\t\t\t\t<\/div>\n\t\t\t\t\t<\/div>\n\t\t<\/div>\n\t\t\t\t\t<\/div>\n\t\t<\/section>\n\t\t\t\t<section class=\"elementor-section elementor-top-section elementor-element elementor-element-989af44 elementor-section-boxed elementor-section-height-default elementor-section-height-default\" data-id=\"989af44\" data-element_type=\"section\">\n\t\t\t\t\t\t<div class=\"elementor-container elementor-column-gap-default\">\n\t\t\t\t\t<div class=\"elementor-column elementor-col-100 elementor-top-column elementor-element elementor-element-9f772bd\" data-id=\"9f772bd\" data-element_type=\"column\">\n\t\t\t<div class=\"elementor-widget-wrap elementor-element-populated\">\n\t\t\t\t\t\t<div class=\"elementor-element elementor-element-ec536dd de_scroll_animation_no de_scroll_animation_preview_yes de_scroll_translateX_popover_unchecked de_scroll_translateX_distance_500 de_scroll_translateY_popover_unchecked de_scroll_translateY_distance_500 de_scroll_rotate_popover_unchecked de_scroll_rotate_distance_90 de_scroll_scale_popover_unchecked de_scroll_scale_distance_1.5 de_scroll_skew_popover_unchecked de_scroll_skew_distance_180 de_scroll_finish_animate_100 de_scroll_animation_on_desktop_yes de_scroll_animation_on_tablet_no de_scroll_animation_on_mobile_no de_reveal_animation_type_default de_reveal_animation_style_fu de_reveal_curtain_direction_lr de_reveal_curtain_delay_0 de_reveal_letter_effects_fx1 de_reveal_letter_initial_state_hidden de_reveal_easing_linear de_reveal_default_rotation_0 de_reveal_default_scale_1 de_reveal_distance_200 de_reveal_default_delay_0 de_reveal_duration_1000 de_reveal_direction_normal de_reveal_loop_custom de_reveal_custom_loop_1 de_reveal_start_0.5 de_reveal_animate_in_viewport_runonce de_reveal_on_desktop_yes de_reveal_on_tablet_yes de_reveal_on_mobile_yes de_staggering_child_initial_state_inherited de_staggering_animation_mousehover_inherited de_staggering_animation_mouseout_inherited premium-con-lq__glass1 premium-lq__none elementor-widget elementor-widget-jet-listing-grid\" data-id=\"ec536dd\" data-element_type=\"widget\" data-settings=\"{&quot;columns&quot;:3}\" data-widget_type=\"jet-listing-grid.default\">\n\t\t\t\t<div class=\"elementor-widget-container\">\n\t\t\t\t\t<div class=\"jet-listing-grid jet-listing\"><div class=\"jet-listing-not-found jet-listing-grid__items\" data-nav=\"{&quot;enabled&quot;:false,&quot;type&quot;:null,&quot;more_el&quot;:null,&quot;query&quot;:[],&quot;widget_settings&quot;:{&quot;lisitng_id&quot;:1858,&quot;posts_num&quot;:100,&quot;columns&quot;:3,&quot;columns_tablet&quot;:3,&quot;columns_mobile&quot;:3,&quot;column_min_width&quot;:240,&quot;column_min_width_tablet&quot;:240,&quot;column_min_width_mobile&quot;:240,&quot;inline_columns_css&quot;:false,&quot;is_archive_template&quot;:&quot;&quot;,&quot;post_status&quot;:[&quot;publish&quot;],&quot;use_random_posts_num&quot;:&quot;&quot;,&quot;max_posts_num&quot;:9,&quot;not_found_message&quot;:&quot;No data was found&quot;,&quot;is_masonry&quot;:false,&quot;equal_columns_height&quot;:&quot;&quot;,&quot;use_load_more&quot;:&quot;&quot;,&quot;load_more_id&quot;:&quot;&quot;,&quot;load_more_type&quot;:&quot;click&quot;,&quot;load_more_offset&quot;:{&quot;unit&quot;:&quot;px&quot;,&quot;size&quot;:0,&quot;sizes&quot;:[]},&quot;use_custom_post_types&quot;:&quot;&quot;,&quot;custom_post_types&quot;:[],&quot;hide_widget_if&quot;:&quot;&quot;,&quot;carousel_enabled&quot;:&quot;&quot;,&quot;slides_to_scroll&quot;:&quot;1&quot;,&quot;arrows&quot;:&quot;true&quot;,&quot;arrow_icon&quot;:&quot;fa fa-angle-left&quot;,&quot;dots&quot;:&quot;&quot;,&quot;autoplay&quot;:&quot;true&quot;,&quot;pause_on_hover&quot;:&quot;true&quot;,&quot;autoplay_speed&quot;:5000,&quot;infinite&quot;:&quot;true&quot;,&quot;center_mode&quot;:&quot;&quot;,&quot;effect&quot;:&quot;slide&quot;,&quot;speed&quot;:500,&quot;inject_alternative_items&quot;:&quot;&quot;,&quot;injection_items&quot;:[],&quot;scroll_slider_enabled&quot;:&quot;&quot;,&quot;scroll_slider_on&quot;:[&quot;desktop&quot;,&quot;tablet&quot;,&quot;mobile&quot;],&quot;custom_query&quot;:false,&quot;custom_query_id&quot;:&quot;&quot;,&quot;_element_id&quot;:&quot;&quot;,&quot;collapse_first_last_gap&quot;:false,&quot;list_tag_selection&quot;:&quot;&quot;,&quot;list_items_wrapper_tag&quot;:&quot;div&quot;,&quot;list_item_tag&quot;:&quot;div&quot;,&quot;empty_items_wrapper_tag&quot;:&quot;div&quot;}}\" data-listing-source=\"posts\" data-listing-id=\"1858\" data-query-id=\"\" >No data was found<\/div><\/div>\t\t\t\t<\/div>\n\t\t\t\t<\/div>\n\t\t\t\t\t<\/div>\n\t\t<\/div>\n\t\t\t\t\t<\/div>\n\t\t<\/section>\n\t\t\t\t<\/div>\n\t\t","protected":false},"excerpt":{"rendered":"<p>Corporate Architecture Projects Seat Building \u00abG\u00bb Barcelona, Espa\u00f1a Seat Modular Building for logistics and distribution Barcelona, Espa\u00f1a \u00c1vila 22@ Office Building Barcelona, Espa\u00f1a Cur\u00f3s S.A. corporate offices Barcelona, Espa\u00f1a<\/p>\n","protected":false},"author":1,"featured_media":0,"parent":0,"menu_order":0,"comment_status":"closed","ping_status":"closed","template":"","meta":{"footnotes":""},"class_list":["post-3331","page","type-page","status-publish","hentry"],"yoast_head":"<!-- This site is optimized with the Yoast SEO plugin v26.8 - https:\/\/yoast.com\/product\/yoast-seo-wordpress\/ -->\n<title>Corporate - Llu\u00eds Tejero Arquitectes<\/title>\n<meta name=\"robots\" content=\"index, follow, max-snippet:-1, max-image-preview:large, max-video-preview:-1\" \/>\n<link rel=\"canonical\" href=\"https:\/\/lluistejeroarquitectos.com\/corporativa\/\" \/>\n<meta property=\"og:locale\" content=\"en_US\" \/>\n<meta property=\"og:type\" content=\"article\" \/>\n<meta property=\"og:title\" content=\"Corporate - Llu\u00eds Tejero Arquitectes\" \/>\n<meta property=\"og:description\" content=\"Corporate Architecture Projects Seat Building \u00abG\u00bb Barcelona, Espa\u00f1a Seat Modular Building for logistics and distribution Barcelona, Espa\u00f1a \u00c1vila 22@ Office Building Barcelona, Espa\u00f1a Cur\u00f3s S.A. corporate offices Barcelona, Espa\u00f1a\" \/>\n<meta property=\"og:url\" content=\"https:\/\/lluistejeroarquitectos.com\/corporativa\/\" \/>\n<meta property=\"og:site_name\" content=\"Llu\u00eds Tejero Arquitectes\" \/>\n<meta property=\"article:modified_time\" content=\"2023-10-05T13:44:13+00:00\" \/>\n<meta name=\"twitter:card\" content=\"summary_large_image\" \/>\n<script type=\"application\/ld+json\" class=\"yoast-schema-graph\">{\"@context\":\"https:\/\/schema.org\",\"@graph\":[{\"@type\":\"WebPage\",\"@id\":\"https:\/\/lluistejeroarquitectos.com\/corporativa\/\",\"url\":\"https:\/\/lluistejeroarquitectos.com\/corporativa\/\",\"name\":\"Corporate - Llu\u00eds Tejero Arquitectes\",\"isPartOf\":{\"@id\":\"https:\/\/lluistejeroarquitectos.com\/#website\"},\"datePublished\":\"2023-02-27T15:13:17+00:00\",\"dateModified\":\"2023-10-05T13:44:13+00:00\",\"breadcrumb\":{\"@id\":\"https:\/\/lluistejeroarquitectos.com\/corporativa\/#breadcrumb\"},\"inLanguage\":\"en-US\",\"potentialAction\":[{\"@type\":\"ReadAction\",\"target\":[\"https:\/\/lluistejeroarquitectos.com\/corporativa\/\"]}]},{\"@type\":\"BreadcrumbList\",\"@id\":\"https:\/\/lluistejeroarquitectos.com\/corporativa\/#breadcrumb\",\"itemListElement\":[{\"@type\":\"ListItem\",\"position\":1,\"name\":\"Portada\",\"item\":\"https:\/\/lluistejeroarquitectos.com\/\"},{\"@type\":\"ListItem\",\"position\":2,\"name\":\"Corporate\"}]},{\"@type\":\"WebSite\",\"@id\":\"https:\/\/lluistejeroarquitectos.com\/#website\",\"url\":\"https:\/\/lluistejeroarquitectos.com\/\",\"name\":\"Llu\u00eds Tejero Arquitectes\",\"description\":\"\",\"potentialAction\":[{\"@type\":\"SearchAction\",\"target\":{\"@type\":\"EntryPoint\",\"urlTemplate\":\"https:\/\/lluistejeroarquitectos.com\/?s={search_term_string}\"},\"query-input\":{\"@type\":\"PropertyValueSpecification\",\"valueRequired\":true,\"valueName\":\"search_term_string\"}}],\"inLanguage\":\"en-US\"}]}<\/script>\n<!-- \/ Yoast SEO plugin. -->","yoast_head_json":{"title":"Corporate - Llu\u00eds Tejero Arquitectes","robots":{"index":"index","follow":"follow","max-snippet":"max-snippet:-1","max-image-preview":"max-image-preview:large","max-video-preview":"max-video-preview:-1"},"canonical":"https:\/\/lluistejeroarquitectos.com\/corporativa\/","og_locale":"en_US","og_type":"article","og_title":"Corporate - Llu\u00eds Tejero Arquitectes","og_description":"Corporate Architecture Projects Seat Building \u00abG\u00bb Barcelona, Espa\u00f1a Seat Modular Building for logistics and distribution Barcelona, Espa\u00f1a \u00c1vila 22@ Office Building Barcelona, Espa\u00f1a Cur\u00f3s S.A. corporate offices Barcelona, Espa\u00f1a","og_url":"https:\/\/lluistejeroarquitectos.com\/corporativa\/","og_site_name":"Llu\u00eds Tejero Arquitectes","article_modified_time":"2023-10-05T13:44:13+00:00","twitter_card":"summary_large_image","schema":{"@context":"https:\/\/schema.org","@graph":[{"@type":"WebPage","@id":"https:\/\/lluistejeroarquitectos.com\/corporativa\/","url":"https:\/\/lluistejeroarquitectos.com\/corporativa\/","name":"Corporate - Llu\u00eds Tejero Arquitectes","isPartOf":{"@id":"https:\/\/lluistejeroarquitectos.com\/#website"},"datePublished":"2023-02-27T15:13:17+00:00","dateModified":"2023-10-05T13:44:13+00:00","breadcrumb":{"@id":"https:\/\/lluistejeroarquitectos.com\/corporativa\/#breadcrumb"},"inLanguage":"en-US","potentialAction":[{"@type":"ReadAction","target":["https:\/\/lluistejeroarquitectos.com\/corporativa\/"]}]},{"@type":"BreadcrumbList","@id":"https:\/\/lluistejeroarquitectos.com\/corporativa\/#breadcrumb","itemListElement":[{"@type":"ListItem","position":1,"name":"Portada","item":"https:\/\/lluistejeroarquitectos.com\/"},{"@type":"ListItem","position":2,"name":"Corporate"}]},{"@type":"WebSite","@id":"https:\/\/lluistejeroarquitectos.com\/#website","url":"https:\/\/lluistejeroarquitectos.com\/","name":"Llu\u00eds Tejero Arquitectes","description":"","potentialAction":[{"@type":"SearchAction","target":{"@type":"EntryPoint","urlTemplate":"https:\/\/lluistejeroarquitectos.com\/?s={search_term_string}"},"query-input":{"@type":"PropertyValueSpecification","valueRequired":true,"valueName":"search_term_string"}}],"inLanguage":"en-US"}]}},"_links":{"self":[{"href":"https:\/\/lluistejeroarquitectos.com\/en\/wp-json\/wp\/v2\/pages\/3331","targetHints":{"allow":["GET"]}}],"collection":[{"href":"https:\/\/lluistejeroarquitectos.com\/en\/wp-json\/wp\/v2\/pages"}],"about":[{"href":"https:\/\/lluistejeroarquitectos.com\/en\/wp-json\/wp\/v2\/types\/page"}],"author":[{"embeddable":true,"href":"https:\/\/lluistejeroarquitectos.com\/en\/wp-json\/wp\/v2\/users\/1"}],"replies":[{"embeddable":true,"href":"https:\/\/lluistejeroarquitectos.com\/en\/wp-json\/wp\/v2\/comments?post=3331"}],"version-history":[{"count":4,"href":"https:\/\/lluistejeroarquitectos.com\/en\/wp-json\/wp\/v2\/pages\/3331\/revisions"}],"predecessor-version":[{"id":3335,"href":"https:\/\/lluistejeroarquitectos.com\/en\/wp-json\/wp\/v2\/pages\/3331\/revisions\/3335"}],"wp:attachment":[{"href":"https:\/\/lluistejeroarquitectos.com\/en\/wp-json\/wp\/v2\/media?parent=3331"}],"curies":[{"name":"wp","href":"https:\/\/api.w.org\/{rel}","templated":true}]}}